{"id":1511,"date":"2020-05-04T10:37:01","date_gmt":"2020-05-04T08:37:01","guid":{"rendered":"https:\/\/serrechiappori.it\/?page_id=1511"},"modified":"2020-07-08T10:03:11","modified_gmt":"2020-07-08T08:03:11","slug":"qui-nous-sommes","status":"publish","type":"page","link":"https:\/\/serrechiappori.it\/fr\/qui-nous-sommes\/","title":{"rendered":"Qui nous sommes"},"content":{"rendered":"\n<p>En 1922, la famille Chiappori a commenc\u00e9 son travail de conception et de construction d&rsquo;<strong>environnements prot\u00e9g\u00e9s pour la culture<\/strong>.<\/p>\n\n\n\n<p>Tout provient d&rsquo;une menuiserie o\u00f9 \u00e9taient con\u00e7ues et produites des serres en bois, dans la plaine d&rsquo;Albenga, \u00ab\u00a0stuffe\u00a0\u00bb, par la fa\u00e7on dont elles \u00e9taient chauff\u00e9es, pr\u00e9cis\u00e9ment, avec des po\u00eales.<\/p>\n","protected":false},"excerpt":{"rendered":"<p>En 1922, la famille Chiappori a commenc\u00e9 son travail de conception et de construction d&rsquo;environnements prot\u00e9g\u00e9s pour la culture. Tout&#8230;<\/p>\n","protected":false},"author":1,"featured_media":1514,"parent":0,"menu_order":0,"comment_status":"closed","ping_status":"closed","template":"chi-siamo.php","meta":{"footnotes":""},"class_list":["post-1511","page","type-page","status-publish","has-post-thumbnail","hentry"],"yoast_head":"<!-- This site is optimized with the Yoast SEO plugin v27.6 - https:\/\/yoast.com\/product\/yoast-seo-wordpress\/ -->\n<title>Qui nous sommes - Serre Chiappori<\/title>\n<meta name=\"description\" content=\"D\u00e9couvrez l&#039;histoire d&#039;une famille qui commence \u00e0 produire les &quot;stuffe&quot;, anc\u00eatres des serres modernes, dans leur propre atelier de menuiserie: une histoire de 80 ans.\" \/>\n<meta name=\"robots\" content=\"index, follow, max-snippet:-1, max-image-preview:large, max-video-preview:-1\" \/>\n<link rel=\"canonical\" href=\"https:\/\/serrechiappori.it\/fr\/qui-nous-sommes\/\" \/>\n<meta property=\"og:locale\" content=\"fr_FR\" \/>\n<meta property=\"og:type\" content=\"article\" \/>\n<meta property=\"og:title\" content=\"Qui nous sommes - Serre Chiappori\" \/>\n<meta property=\"og:description\" content=\"D\u00e9couvrez l&#039;histoire d&#039;une famille qui commence \u00e0 produire les &quot;stuffe&quot;, anc\u00eatres des serres modernes, dans leur propre atelier de menuiserie: une histoire de 80 ans.\" \/>\n<meta property=\"og:url\" content=\"https:\/\/serrechiappori.it\/fr\/qui-nous-sommes\/\" \/>\n<meta property=\"og:site_name\" content=\"Serre Chiappori\" \/>\n<meta property=\"article:modified_time\" content=\"2020-07-08T08:03:11+00:00\" \/>\n<meta property=\"og:image\" content=\"https:\/\/serrechiappori.it\/wp-content\/uploads\/2020\/01\/Francesco-Chiappori.jpg\" \/>\n\t<meta property=\"og:image:width\" content=\"1015\" \/>\n\t<meta property=\"og:image:height\" content=\"623\" \/>\n\t<meta property=\"og:image:type\" content=\"image\/jpeg\" \/>\n<meta name=\"twitter:card\" content=\"summary_large_image\" \/>\n<script type=\"application\/ld+json\" class=\"yoast-schema-graph\">{\"@context\":\"https:\\\/\\\/schema.org\",\"@graph\":[{\"@type\":\"WebPage\",\"@id\":\"https:\\\/\\\/serrechiappori.it\\\/fr\\\/qui-nous-sommes\\\/\",\"url\":\"https:\\\/\\\/serrechiappori.it\\\/fr\\\/qui-nous-sommes\\\/\",\"name\":\"Qui nous sommes - Serre Chiappori\",\"isPartOf\":{\"@id\":\"https:\\\/\\\/serrechiappori.it\\\/fr\\\/#website\"},\"primaryImageOfPage\":{\"@id\":\"https:\\\/\\\/serrechiappori.it\\\/fr\\\/qui-nous-sommes\\\/#primaryimage\"},\"image\":{\"@id\":\"https:\\\/\\\/serrechiappori.it\\\/fr\\\/qui-nous-sommes\\\/#primaryimage\"},\"thumbnailUrl\":\"https:\\\/\\\/serrechiappori.it\\\/wp-content\\\/uploads\\\/2020\\\/01\\\/Francesco-Chiappori.jpg\",\"datePublished\":\"2020-05-04T08:37:01+00:00\",\"dateModified\":\"2020-07-08T08:03:11+00:00\",\"description\":\"D\u00e9couvrez l'histoire d'une famille qui commence \u00e0 produire les \\\"stuffe\\\", anc\u00eatres des serres modernes, dans leur propre atelier de menuiserie: une histoire de 80 ans.\",\"breadcrumb\":{\"@id\":\"https:\\\/\\\/serrechiappori.it\\\/fr\\\/qui-nous-sommes\\\/#breadcrumb\"},\"inLanguage\":\"fr-FR\",\"potentialAction\":[{\"@type\":\"ReadAction\",\"target\":[\"https:\\\/\\\/serrechiappori.it\\\/fr\\\/qui-nous-sommes\\\/\"]}]},{\"@type\":\"ImageObject\",\"inLanguage\":\"fr-FR\",\"@id\":\"https:\\\/\\\/serrechiappori.it\\\/fr\\\/qui-nous-sommes\\\/#primaryimage\",\"url\":\"https:\\\/\\\/serrechiappori.it\\\/wp-content\\\/uploads\\\/2020\\\/01\\\/Francesco-Chiappori.jpg\",\"contentUrl\":\"https:\\\/\\\/serrechiappori.it\\\/wp-content\\\/uploads\\\/2020\\\/01\\\/Francesco-Chiappori.jpg\",\"width\":1015,\"height\":623,\"caption\":\"Francesco Chiappori\"},{\"@type\":\"BreadcrumbList\",\"@id\":\"https:\\\/\\\/serrechiappori.it\\\/fr\\\/qui-nous-sommes\\\/#breadcrumb\",\"itemListElement\":[{\"@type\":\"ListItem\",\"position\":1,\"name\":\"Home\",\"item\":\"https:\\\/\\\/serrechiappori.it\\\/fr\\\/\"},{\"@type\":\"ListItem\",\"position\":2,\"name\":\"Qui nous sommes\"}]},{\"@type\":\"WebSite\",\"@id\":\"https:\\\/\\\/serrechiappori.it\\\/fr\\\/#website\",\"url\":\"https:\\\/\\\/serrechiappori.it\\\/fr\\\/\",\"name\":\"Serre Chiappori\",\"description\":\"Costruiamo serre dal 1922\",\"publisher\":{\"@id\":\"https:\\\/\\\/serrechiappori.it\\\/fr\\\/#organization\"},\"potentialAction\":[{\"@type\":\"SearchAction\",\"target\":{\"@type\":\"EntryPoint\",\"urlTemplate\":\"https:\\\/\\\/serrechiappori.it\\\/fr\\\/?s={search_term_string}\"},\"query-input\":{\"@type\":\"PropertyValueSpecification\",\"valueRequired\":true,\"valueName\":\"search_term_string\"}}],\"inLanguage\":\"fr-FR\"},{\"@type\":\"Organization\",\"@id\":\"https:\\\/\\\/serrechiappori.it\\\/fr\\\/#organization\",\"name\":\"Chiappori srl\",\"url\":\"https:\\\/\\\/serrechiappori.it\\\/fr\\\/\",\"logo\":{\"@type\":\"ImageObject\",\"inLanguage\":\"fr-FR\",\"@id\":\"https:\\\/\\\/serrechiappori.it\\\/fr\\\/#\\\/schema\\\/logo\\\/image\\\/\",\"url\":\"https:\\\/\\\/serrechiappori.it\\\/wp-content\\\/uploads\\\/2019\\\/12\\\/Chiappori-logo.png\",\"contentUrl\":\"https:\\\/\\\/serrechiappori.it\\\/wp-content\\\/uploads\\\/2019\\\/12\\\/Chiappori-logo.png\",\"width\":600,\"height\":268,\"caption\":\"Chiappori srl\"},\"image\":{\"@id\":\"https:\\\/\\\/serrechiappori.it\\\/fr\\\/#\\\/schema\\\/logo\\\/image\\\/\"}}]}<\/script>\n<!-- \/ Yoast SEO plugin. -->","yoast_head_json":{"title":"Qui nous sommes - Serre Chiappori","description":"D\u00e9couvrez l'histoire d'une famille qui commence \u00e0 produire les \"stuffe\", anc\u00eatres des serres modernes, dans leur propre atelier de menuiserie: une histoire de 80 ans.","robots":{"index":"index","follow":"follow","max-snippet":"max-snippet:-1","max-image-preview":"max-image-preview:large","max-video-preview":"max-video-preview:-1"},"canonical":"https:\/\/serrechiappori.it\/fr\/qui-nous-sommes\/","og_locale":"fr_FR","og_type":"article","og_title":"Qui nous sommes - Serre Chiappori","og_description":"D\u00e9couvrez l'histoire d'une famille qui commence \u00e0 produire les \"stuffe\", anc\u00eatres des serres modernes, dans leur propre atelier de menuiserie: une histoire de 80 ans.","og_url":"https:\/\/serrechiappori.it\/fr\/qui-nous-sommes\/","og_site_name":"Serre Chiappori","article_modified_time":"2020-07-08T08:03:11+00:00","og_image":[{"width":1015,"height":623,"url":"https:\/\/serrechiappori.it\/wp-content\/uploads\/2020\/01\/Francesco-Chiappori.jpg","type":"image\/jpeg"}],"twitter_card":"summary_large_image","schema":{"@context":"https:\/\/schema.org","@graph":[{"@type":"WebPage","@id":"https:\/\/serrechiappori.it\/fr\/qui-nous-sommes\/","url":"https:\/\/serrechiappori.it\/fr\/qui-nous-sommes\/","name":"Qui nous sommes - Serre Chiappori","isPartOf":{"@id":"https:\/\/serrechiappori.it\/fr\/#website"},"primaryImageOfPage":{"@id":"https:\/\/serrechiappori.it\/fr\/qui-nous-sommes\/#primaryimage"},"image":{"@id":"https:\/\/serrechiappori.it\/fr\/qui-nous-sommes\/#primaryimage"},"thumbnailUrl":"https:\/\/serrechiappori.it\/wp-content\/uploads\/2020\/01\/Francesco-Chiappori.jpg","datePublished":"2020-05-04T08:37:01+00:00","dateModified":"2020-07-08T08:03:11+00:00","description":"D\u00e9couvrez l'histoire d'une famille qui commence \u00e0 produire les \"stuffe\", anc\u00eatres des serres modernes, dans leur propre atelier de menuiserie: une histoire de 80 ans.","breadcrumb":{"@id":"https:\/\/serrechiappori.it\/fr\/qui-nous-sommes\/#breadcrumb"},"inLanguage":"fr-FR","potentialAction":[{"@type":"ReadAction","target":["https:\/\/serrechiappori.it\/fr\/qui-nous-sommes\/"]}]},{"@type":"ImageObject","inLanguage":"fr-FR","@id":"https:\/\/serrechiappori.it\/fr\/qui-nous-sommes\/#primaryimage","url":"https:\/\/serrechiappori.it\/wp-content\/uploads\/2020\/01\/Francesco-Chiappori.jpg","contentUrl":"https:\/\/serrechiappori.it\/wp-content\/uploads\/2020\/01\/Francesco-Chiappori.jpg","width":1015,"height":623,"caption":"Francesco Chiappori"},{"@type":"BreadcrumbList","@id":"https:\/\/serrechiappori.it\/fr\/qui-nous-sommes\/#breadcrumb","itemListElement":[{"@type":"ListItem","position":1,"name":"Home","item":"https:\/\/serrechiappori.it\/fr\/"},{"@type":"ListItem","position":2,"name":"Qui nous sommes"}]},{"@type":"WebSite","@id":"https:\/\/serrechiappori.it\/fr\/#website","url":"https:\/\/serrechiappori.it\/fr\/","name":"Serre Chiappori","description":"Costruiamo serre dal 1922","publisher":{"@id":"https:\/\/serrechiappori.it\/fr\/#organization"},"potentialAction":[{"@type":"SearchAction","target":{"@type":"EntryPoint","urlTemplate":"https:\/\/serrechiappori.it\/fr\/?s={search_term_string}"},"query-input":{"@type":"PropertyValueSpecification","valueRequired":true,"valueName":"search_term_string"}}],"inLanguage":"fr-FR"},{"@type":"Organization","@id":"https:\/\/serrechiappori.it\/fr\/#organization","name":"Chiappori srl","url":"https:\/\/serrechiappori.it\/fr\/","logo":{"@type":"ImageObject","inLanguage":"fr-FR","@id":"https:\/\/serrechiappori.it\/fr\/#\/schema\/logo\/image\/","url":"https:\/\/serrechiappori.it\/wp-content\/uploads\/2019\/12\/Chiappori-logo.png","contentUrl":"https:\/\/serrechiappori.it\/wp-content\/uploads\/2019\/12\/Chiappori-logo.png","width":600,"height":268,"caption":"Chiappori srl"},"image":{"@id":"https:\/\/serrechiappori.it\/fr\/#\/schema\/logo\/image\/"}}]}},"_links":{"self":[{"href":"https:\/\/serrechiappori.it\/fr\/wp-json\/wp\/v2\/pages\/1511","targetHints":{"allow":["GET"]}}],"collection":[{"href":"https:\/\/serrechiappori.it\/fr\/wp-json\/wp\/v2\/pages"}],"about":[{"href":"https:\/\/serrechiappori.it\/fr\/wp-json\/wp\/v2\/types\/page"}],"author":[{"embeddable":true,"href":"https:\/\/serrechiappori.it\/fr\/wp-json\/wp\/v2\/users\/1"}],"replies":[{"embeddable":true,"href":"https:\/\/serrechiappori.it\/fr\/wp-json\/wp\/v2\/comments?post=1511"}],"version-history":[{"count":1,"href":"https:\/\/serrechiappori.it\/fr\/wp-json\/wp\/v2\/pages\/1511\/revisions"}],"predecessor-version":[{"id":1512,"href":"https:\/\/serrechiappori.it\/fr\/wp-json\/wp\/v2\/pages\/1511\/revisions\/1512"}],"wp:featuredmedia":[{"embeddable":true,"href":"https:\/\/serrechiappori.it\/fr\/wp-json\/wp\/v2\/media\/1514"}],"wp:attachment":[{"href":"https:\/\/serrechiappori.it\/fr\/wp-json\/wp\/v2\/media?parent=1511"}],"curies":[{"name":"wp","href":"https:\/\/api.w.org\/{rel}","templated":true}]}}